{"id":1807,"date":"2021-01-23T15:44:25","date_gmt":"2021-01-23T12:44:25","guid":{"rendered":"http:\/\/betobserv.com\/pt\/?page_id=1807"},"modified":"2021-01-26T13:38:57","modified_gmt":"2021-01-26T10:38:57","slug":"apostas-moveis","status":"publish","type":"page","link":"https:\/\/betobserv.com\/pt\/apostas-moveis\/","title":{"rendered":"Casas de apostas para Android"},"content":{"rendered":"\n<p>Esta p\u00e1gina apresenta casas de apostas compat\u00edveis com Android &#8211; empresas que desenvolveram aplica\u00e7\u00f5es para dispositivos m\u00f3veis da Samsung, HTC, LG, Alcatel, Sony e outros fabricantes que trabalham com este sistema operacional. \u00c9 mais conveniente fazer apostas desportivas atrav\u00e9s das aplica\u00e7\u00f5es m\u00f3veis Android. Certificamo-nos de que apenas apps m\u00f3veis Android das casas de apostas atualizadas e funcionadas de forma completa est\u00e3o listadas aqui<\/p>\n\n\n\n\t<div class=\"space-shortcode-wrap space-shortcode-4 relative\">\n\n\t\t\n\t\t\t<div class=\"space-casinos-3-archive-items box-100 relative\">\n\n\t\t\t\t\n\t\t\t\t<div class=\"space-casinos-3-archive-item box-100 relative\">\n\t\t\t\t\t<div class=\"space-casinos-3-archive-item-ins relative\">\n\t\t\t\t\t\t<div class=\"space-casinos-3-archive-item-logo box-25 relative\">\n\t\t\t\t\t\t\t<div class=\"space-casinos-3-archive-item-logo-ins box-100 text-center relative\">\n\t\t\t\t\t\t\t\t\t\t\t\t\t\t\t<\/div>\n\t\t\t\t\t\t\t<div class=\"space-casinos-3-archive-item-count absolute\">\n\t\t\t\t\t\t\t\t<span>1<\/span>\n\t\t\t\t\t\t\t<\/div>\n\t\t\t\t\t\t<\/div>\n\t\t\t\t\t\t<div class=\"space-casinos-3-archive-item-terms box-25 relative\">\n\t\t\t\t\t\t\t<div class=\"space-casinos-3-archive-item-terms-ins box-100 text-center relative\">\n\t\t\t\t\t\t\t\t\t\t\t\t\t\t<\/div>\n\t\t\t\t\t\t<\/div>\n\t\t\t\t\t\t<div class=\"space-casinos-3-archive-item-rating box-25 relative\">\n\t\t\t\t\t\t\t<div class=\"space-casinos-3-archive-item-rating-ins box-100 text-center relative\">\n\t\t\t\t\t\t\t\t\t\t\t\t\t\t\t\t<div class=\"space-casinos-3-archive-item-rating-box relative\">\n\t\t\t\t\t\t\t\t\t<div class=\"star-rating\"><span class=\"screen-reader-text\">0,0 rating<\/span><div class=\"star star-empty\" aria-hidden=\"true\"><\/div><div class=\"star star-empty\" aria-hidden=\"true\"><\/div><div class=\"star star-empty\" aria-hidden=\"true\"><\/div><div class=\"star star-empty\" aria-hidden=\"true\"><\/div><div class=\"star star-empty\" aria-hidden=\"true\"><\/div><\/div>\t\t\t\t\t\t\t\t\t<span>0.0<\/span>\n\t\t\t\t\t\t\t\t<\/div>\n\n\t\t\t\t\t\t\t\t\n\t\t\t\t\t\t\t<\/div>\n\t\t\t\t\t\t<\/div>\n\t\t\t\t\t\t<div class=\"space-casinos-3-archive-item-button box-25 relative\">\n\t\t\t\t\t\t\t<div class=\"space-casinos-3-archive-item-button-ins box-100 text-center relative\">\n\t\t\t\t\t\t\t\t<a href=\"https:\/\/betobserv.com\/pt\/apostas-moveis\/bettilt-app-android-download\/\" title=\"Play Now\" target=\"_blank\" rel=\"nofollow\"><i class=\"fas fa-check-circle\"><\/i> Play Now<\/a>\n\n\t\t\t\t\t\t\t\t<a href=\"https:\/\/betobserv.com\/pt\/apostas-moveis\/bettilt-app-android-download\/\" title=\"Leia uma Revis\u00e3o\"><i class=\"fas fa-arrow-alt-circle-right\"><\/i> Leia uma Revis\u00e3o<\/a>\n\t\t\t\t\t\t\t<\/div>\n\t\t\t\t\t\t<\/div>\n\t\t\t\t\t<\/div>\n\t\t\t\t<\/div>\n\n\t\t\t\t\n\t\t\t\t<div class=\"space-casinos-3-archive-item box-100 relative\">\n\t\t\t\t\t<div class=\"space-casinos-3-archive-item-ins relative\">\n\t\t\t\t\t\t<div class=\"space-casinos-3-archive-item-logo box-25 relative\">\n\t\t\t\t\t\t\t<div class=\"space-casinos-3-archive-item-logo-ins box-100 text-center relative\">\n\t\t\t\t\t\t\t\t\t\t\t\t\t\t\t<\/div>\n\t\t\t\t\t\t\t<div class=\"space-casinos-3-archive-item-count absolute\">\n\t\t\t\t\t\t\t\t<span>2<\/span>\n\t\t\t\t\t\t\t<\/div>\n\t\t\t\t\t\t<\/div>\n\t\t\t\t\t\t<div class=\"space-casinos-3-archive-item-terms box-25 relative\">\n\t\t\t\t\t\t\t<div class=\"space-casinos-3-archive-item-terms-ins box-100 text-center relative\">\n\t\t\t\t\t\t\t\t\t\t\t\t\t\t<\/div>\n\t\t\t\t\t\t<\/div>\n\t\t\t\t\t\t<div class=\"space-casinos-3-archive-item-rating box-25 relative\">\n\t\t\t\t\t\t\t<div class=\"space-casinos-3-archive-item-rating-ins box-100 text-center relative\">\n\t\t\t\t\t\t\t\t\t\t\t\t\t\t\t\t<div class=\"space-casinos-3-archive-item-rating-box relative\">\n\t\t\t\t\t\t\t\t\t<div class=\"star-rating\"><span class=\"screen-reader-text\">0,0 rating<\/span><div class=\"star star-empty\" aria-hidden=\"true\"><\/div><div class=\"star star-empty\" aria-hidden=\"true\"><\/div><div class=\"star star-empty\" aria-hidden=\"true\"><\/div><div class=\"star star-empty\" aria-hidden=\"true\"><\/div><div class=\"star star-empty\" aria-hidden=\"true\"><\/div><\/div>\t\t\t\t\t\t\t\t\t<span>0.0<\/span>\n\t\t\t\t\t\t\t\t<\/div>\n\n\t\t\t\t\t\t\t\t\n\t\t\t\t\t\t\t<\/div>\n\t\t\t\t\t\t<\/div>\n\t\t\t\t\t\t<div class=\"space-casinos-3-archive-item-button box-25 relative\">\n\t\t\t\t\t\t\t<div class=\"space-casinos-3-archive-item-button-ins box-100 text-center relative\">\n\t\t\t\t\t\t\t\t<a href=\"https:\/\/betobserv.com\/pt\/apostas-moveis\/22bet-app-android-download\/\" title=\"Play Now\" target=\"_blank\" rel=\"nofollow\"><i class=\"fas fa-check-circle\"><\/i> Play Now<\/a>\n\n\t\t\t\t\t\t\t\t<a href=\"https:\/\/betobserv.com\/pt\/apostas-moveis\/22bet-app-android-download\/\" title=\"Leia uma Revis\u00e3o\"><i class=\"fas fa-arrow-alt-circle-right\"><\/i> Leia uma Revis\u00e3o<\/a>\n\t\t\t\t\t\t\t<\/div>\n\t\t\t\t\t\t<\/div>\n\t\t\t\t\t<\/div>\n\t\t\t\t<\/div>\n\n\t\t\t\t\n\t\t\t\t<div class=\"space-casinos-3-archive-item box-100 relative\">\n\t\t\t\t\t<div class=\"space-casinos-3-archive-item-ins relative\">\n\t\t\t\t\t\t<div class=\"space-casinos-3-archive-item-logo box-25 relative\">\n\t\t\t\t\t\t\t<div class=\"space-casinos-3-archive-item-logo-ins box-100 text-center relative\">\n\t\t\t\t\t\t\t\t\t\t\t\t\t\t\t<\/div>\n\t\t\t\t\t\t\t<div class=\"space-casinos-3-archive-item-count absolute\">\n\t\t\t\t\t\t\t\t<span>3<\/span>\n\t\t\t\t\t\t\t<\/div>\n\t\t\t\t\t\t<\/div>\n\t\t\t\t\t\t<div class=\"space-casinos-3-archive-item-terms box-25 relative\">\n\t\t\t\t\t\t\t<div class=\"space-casinos-3-archive-item-terms-ins box-100 text-center relative\">\n\t\t\t\t\t\t\t\t\t\t\t\t\t\t<\/div>\n\t\t\t\t\t\t<\/div>\n\t\t\t\t\t\t<div class=\"space-casinos-3-archive-item-rating box-25 relative\">\n\t\t\t\t\t\t\t<div class=\"space-casinos-3-archive-item-rating-ins box-100 text-center relative\">\n\t\t\t\t\t\t\t\t\t\t\t\t\t\t\t\t<div class=\"space-casinos-3-archive-item-rating-box relative\">\n\t\t\t\t\t\t\t\t\t<div class=\"star-rating\"><span class=\"screen-reader-text\">0,0 rating<\/span><div class=\"star star-empty\" aria-hidden=\"true\"><\/div><div class=\"star star-empty\" aria-hidden=\"true\"><\/div><div class=\"star star-empty\" aria-hidden=\"true\"><\/div><div class=\"star star-empty\" aria-hidden=\"true\"><\/div><div class=\"star star-empty\" aria-hidden=\"true\"><\/div><\/div>\t\t\t\t\t\t\t\t\t<span>0.0<\/span>\n\t\t\t\t\t\t\t\t<\/div>\n\n\t\t\t\t\t\t\t\t\n\t\t\t\t\t\t\t<\/div>\n\t\t\t\t\t\t<\/div>\n\t\t\t\t\t\t<div class=\"space-casinos-3-archive-item-button box-25 relative\">\n\t\t\t\t\t\t\t<div class=\"space-casinos-3-archive-item-button-ins box-100 text-center relative\">\n\t\t\t\t\t\t\t\t<a href=\"https:\/\/betobserv.com\/pt\/apostas-moveis\/betano-app-android-download\/\" title=\"Play Now\" target=\"_blank\" rel=\"nofollow\"><i class=\"fas fa-check-circle\"><\/i> Play Now<\/a>\n\n\t\t\t\t\t\t\t\t<a href=\"https:\/\/betobserv.com\/pt\/apostas-moveis\/betano-app-android-download\/\" title=\"Leia uma Revis\u00e3o\"><i class=\"fas fa-arrow-alt-circle-right\"><\/i> Leia uma Revis\u00e3o<\/a>\n\t\t\t\t\t\t\t<\/div>\n\t\t\t\t\t\t<\/div>\n\t\t\t\t\t<\/div>\n\t\t\t\t<\/div>\n\n\t\t\t\t\n\t\t\t\t<div class=\"space-casinos-3-archive-item box-100 relative\">\n\t\t\t\t\t<div class=\"space-casinos-3-archive-item-ins relative\">\n\t\t\t\t\t\t<div class=\"space-casinos-3-archive-item-logo box-25 relative\">\n\t\t\t\t\t\t\t<div class=\"space-casinos-3-archive-item-logo-ins box-100 text-center relative\">\n\t\t\t\t\t\t\t\t\t\t\t\t\t\t\t<\/div>\n\t\t\t\t\t\t\t<div class=\"space-casinos-3-archive-item-count absolute\">\n\t\t\t\t\t\t\t\t<span>4<\/span>\n\t\t\t\t\t\t\t<\/div>\n\t\t\t\t\t\t<\/div>\n\t\t\t\t\t\t<div class=\"space-casinos-3-archive-item-terms box-25 relative\">\n\t\t\t\t\t\t\t<div class=\"space-casinos-3-archive-item-terms-ins box-100 text-center relative\">\n\t\t\t\t\t\t\t\t\t\t\t\t\t\t<\/div>\n\t\t\t\t\t\t<\/div>\n\t\t\t\t\t\t<div class=\"space-casinos-3-archive-item-rating box-25 relative\">\n\t\t\t\t\t\t\t<div class=\"space-casinos-3-archive-item-rating-ins box-100 text-center relative\">\n\t\t\t\t\t\t\t\t\t\t\t\t\t\t\t\t<div class=\"space-casinos-3-archive-item-rating-box relative\">\n\t\t\t\t\t\t\t\t\t<div class=\"star-rating\"><span class=\"screen-reader-text\">0,0 rating<\/span><div class=\"star star-empty\" aria-hidden=\"true\"><\/div><div class=\"star star-empty\" aria-hidden=\"true\"><\/div><div class=\"star star-empty\" aria-hidden=\"true\"><\/div><div class=\"star star-empty\" aria-hidden=\"true\"><\/div><div class=\"star star-empty\" aria-hidden=\"true\"><\/div><\/div>\t\t\t\t\t\t\t\t\t<span>0.0<\/span>\n\t\t\t\t\t\t\t\t<\/div>\n\n\t\t\t\t\t\t\t\t\n\t\t\t\t\t\t\t<\/div>\n\t\t\t\t\t\t<\/div>\n\t\t\t\t\t\t<div class=\"space-casinos-3-archive-item-button box-25 relative\">\n\t\t\t\t\t\t\t<div class=\"space-casinos-3-archive-item-button-ins box-100 text-center relative\">\n\t\t\t\t\t\t\t\t<a href=\"https:\/\/betobserv.com\/pt\/apostas-moveis\/betpt-app-android-download\/\" title=\"Play Now\" target=\"_blank\" rel=\"nofollow\"><i class=\"fas fa-check-circle\"><\/i> Play Now<\/a>\n\n\t\t\t\t\t\t\t\t<a href=\"https:\/\/betobserv.com\/pt\/apostas-moveis\/betpt-app-android-download\/\" title=\"Leia uma Revis\u00e3o\"><i class=\"fas fa-arrow-alt-circle-right\"><\/i> Leia uma Revis\u00e3o<\/a>\n\t\t\t\t\t\t\t<\/div>\n\t\t\t\t\t\t<\/div>\n\t\t\t\t\t<\/div>\n\t\t\t\t<\/div>\n\n\t\t\t\t\n\t\t\t<\/div>\n\t<\/div>\n\n\n\n\n\n<p><\/p>\n","protected":false},"excerpt":{"rendered":"<p>Esta p\u00e1gina apresenta casas de apostas compat\u00edveis com Android &#8211; empresas que desenvolveram aplica\u00e7\u00f5es para dispositivos m\u00f3veis da Samsung, HTC, LG, Alcatel, Sony e outros fabricantes que trabalham com este sistema operacional. \u00c9 mais conveniente fazer apostas desportivas atrav\u00e9s das aplica\u00e7\u00f5es m\u00f3veis Android. Certificamo-nos de que apenas apps m\u00f3veis Android das casas de apostas atualizadas [&hellip;]<\/p>\n","protected":false},"author":1,"featured_media":0,"parent":0,"menu_order":0,"comment_status":"closed","ping_status":"closed","template":"page-full-width.php","meta":{"_uag_custom_page_level_css":"","footnotes":""},"class_list":["post-1807","page","type-page","status-publish","hentry"],"acf":[],"uagb_featured_image_src":{"full":false,"thumbnail":false,"medium":false,"medium_large":false,"large":false,"1536x1536":false,"2048x2048":false,"mercury-custom-logo":false,"mercury-50-50":false,"mercury-100-100":false,"mercury-120-120":false,"mercury-135-135":false,"mercury-270-270":false,"mercury-270-150":false,"mercury-270-430":false,"mercury-340-447":false,"mercury-450-254":false,"mercury-450-317":false,"mercury-450-338":false,"mercury-450-450":false,"mercury-450-600":false,"mercury-450-717":false,"mercury-479-479":false,"mercury-570-270":false,"mercury-570-430":false,"mercury-570-570":false,"mercury-585-505":false,"mercury-737-556":false,"mercury-737-983":false,"mercury-767-767":false,"mercury-768-576":false,"mercury-900-675":false,"mercury-994-559":false,"mercury-1170-505":false,"mercury-2000-400":false,"mercury-9999-32":false,"mercury-9999-80":false,"mercury-9999-135":false},"uagb_author_info":{"display_name":"Betobserv","author_link":"https:\/\/betobserv.com\/pt\/author\/darpa\/"},"uagb_comment_info":0,"uagb_excerpt":"Esta p\u00e1gina apresenta casas de apostas compat\u00edveis com Android &#8211; empresas que desenvolveram aplica\u00e7\u00f5es para dispositivos m\u00f3veis da Samsung, HTC, LG, Alcatel, Sony e outros fabricantes que trabalham com este sistema operacional. \u00c9 mais conveniente fazer apostas desportivas atrav\u00e9s das aplica\u00e7\u00f5es m\u00f3veis Android. Certificamo-nos de que apenas apps m\u00f3veis Android das casas de apostas atualizadas&hellip;","_links":{"self":[{"href":"https:\/\/betobserv.com\/pt\/wp-json\/wp\/v2\/pages\/1807","targetHints":{"allow":["GET"]}}],"collection":[{"href":"https:\/\/betobserv.com\/pt\/wp-json\/wp\/v2\/pages"}],"about":[{"href":"https:\/\/betobserv.com\/pt\/wp-json\/wp\/v2\/types\/page"}],"author":[{"embeddable":true,"href":"https:\/\/betobserv.com\/pt\/wp-json\/wp\/v2\/users\/1"}],"replies":[{"embeddable":true,"href":"https:\/\/betobserv.com\/pt\/wp-json\/wp\/v2\/comments?post=1807"}],"version-history":[{"count":4,"href":"https:\/\/betobserv.com\/pt\/wp-json\/wp\/v2\/pages\/1807\/revisions"}],"predecessor-version":[{"id":1857,"href":"https:\/\/betobserv.com\/pt\/wp-json\/wp\/v2\/pages\/1807\/revisions\/1857"}],"wp:attachment":[{"href":"https:\/\/betobserv.com\/pt\/wp-json\/wp\/v2\/media?parent=1807"}],"curies":[{"name":"wp","href":"https:\/\/api.w.org\/{rel}","templated":true}]}}